{"id":5856,"date":"2025-04-25T06:30:56","date_gmt":"2025-04-25T04:30:56","guid":{"rendered":"https:\/\/eleonorelanglois.com\/?page_id=5856"},"modified":"2025-04-25T06:46:26","modified_gmt":"2025-04-25T04:46:26","slug":"elementor-5856","status":"publish","type":"page","link":"https:\/\/eleonorelanglois.com\/index.php\/elementor-5856\/","title":{"rendered":"Mentions l\u00e9gales"},"content":{"rendered":"\t\t<div data-elementor-type=\"wp-page\" data-elementor-id=\"5856\" class=\"elementor elementor-5856\" data-elementor-post-type=\"page\">\n\t\t\t\t<div class=\"elementor-element elementor-element-031c9dc e-flex e-con-boxed e-con e-parent\" data-id=\"031c9dc\" data-element_type=\"container\" data-e-type=\"container\" data-settings=\"{&quot;background_background&quot;:&quot;classic&quot;}\">\n\t\t\t\t\t<div class=\"e-con-inner\">\n\t\t\t\t<div class=\"elementor-element elementor-element-e1cd144 elementor-widget elementor-widget-heading\" data-id=\"e1cd144\" data-element_type=\"widget\" data-e-type=\"widget\" data-widget_type=\"heading.default\">\n\t\t\t\t<div class=\"elementor-widget-container\">\n\t\t\t\t\t<h2 class=\"elementor-heading-title elementor-size-default\">Mentions l\u00e9gales<\/h2>\t\t\t\t<\/div>\n\t\t\t\t<\/div>\n\t\t\t\t<div class=\"elementor-element elementor-element-2c10cf2 elementor-widget elementor-widget-text-editor\" data-id=\"2c10cf2\" data-element_type=\"widget\" data-e-type=\"widget\" data-widget_type=\"text-editor.default\">\n\t\t\t\t<div class=\"elementor-widget-container\">\n\t\t\t\t\t\t\t\t\t<p class=\"\" data-start=\"218\" data-end=\"548\"><strong data-start=\"218\" data-end=\"237\">\u00c9diteur du site<\/strong><br data-start=\"237\" data-end=\"240\" \/>Ce site est \u00e9dit\u00e9 par \u00c9l\u00e9onore Langlois, auto-entrepreneuse.<br data-start=\"300\" data-end=\"303\" \/>Email de contact : <a class=\"cursor-pointer\" rel=\"noopener\" data-start=\"322\" data-end=\"397\">eleonorelanglois.photo@gmail.com<\/a><br data-start=\"397\" data-end=\"400\" \/>Site web : <a class=\"\" href=\"https:\/\/eleonorelanglois.com\/\" target=\"_new\" rel=\"noopener\" data-start=\"411\" data-end=\"473\">https:\/\/eleonorelanglois.com\/<\/a><br data-start=\"473\" data-end=\"476\" \/>Num\u00e9ro SIRET : (\u00e0 compl\u00e9ter)<br data-start=\"504\" data-end=\"507\" \/>TVA non applicable, article 293 B du CGI.<\/p>\n<p class=\"\" data-start=\"550\" data-end=\"600\"><strong data-start=\"550\" data-end=\"580\">Responsable de publication<\/strong><br data-start=\"580\" data-end=\"583\" \/>\u00c9l\u00e9onore Langlois<\/p>\n<p class=\"\" data-start=\"602\" data-end=\"747\"><strong data-start=\"602\" data-end=\"617\">H\u00e9bergement<\/strong><br data-start=\"617\" data-end=\"620\" \/>Le site est h\u00e9berg\u00e9 par :<br data-start=\"645\" data-end=\"648\" \/><strong data-start=\"648\" data-end=\"655\">OVH<\/strong><br data-start=\"655\" data-end=\"658\" \/>2 rue Kellermann \u2013 59100 Roubaix \u2013 France<br data-start=\"699\" data-end=\"702\" \/>Site web : <a class=\"\" href=\"https:\/\/www.ovh.com\" target=\"_new\" rel=\"noopener\" data-start=\"713\" data-end=\"747\">www.ovh.com<\/a><\/p>\n<p class=\"\" data-start=\"749\" data-end=\"1060\"><strong data-start=\"749\" data-end=\"777\">Propri\u00e9t\u00e9 intellectuelle<\/strong><br data-start=\"777\" data-end=\"780\" \/>Tous les contenus (textes, photographies, images, graphismes, logo, etc.) pr\u00e9sents sur ce site sont la propri\u00e9t\u00e9 exclusive d\u2019\u00c9l\u00e9onore Langlois, sauf mention contraire. Toute reproduction ou utilisation, m\u00eame partielle, sans autorisation \u00e9crite pr\u00e9alable est strictement interdite.<\/p>\n<p class=\"\" data-start=\"1062\" data-end=\"1537\"><strong data-start=\"1062\" data-end=\"1086\">Donn\u00e9es personnelles<\/strong><br data-start=\"1086\" data-end=\"1089\" \/>Conform\u00e9ment au R\u00e8glement G\u00e9n\u00e9ral sur la Protection des Donn\u00e9es (RGPD), les donn\u00e9es personnelles collect\u00e9es via le site (formulaires de contact, newsletter, etc.) ne sont utilis\u00e9es qu\u2019\u00e0 des fins de communication et ne sont jamais c\u00e9d\u00e9es \u00e0 des tiers.<br data-start=\"1338\" data-end=\"1341\" \/>Tu peux demander \u00e0 tout moment la consultation, la modification ou la suppression de tes donn\u00e9es en envoyant un email \u00e0 <a class=\"cursor-pointer\" rel=\"noopener\" data-start=\"1461\" data-end=\"1536\">eleonorelanglois.photo@gmail.com<\/a>.<\/p>\n<p class=\"\" data-start=\"1539\" data-end=\"1714\"><strong data-start=\"1539\" data-end=\"1550\">Cookies<\/strong><br data-start=\"1550\" data-end=\"1553\" \/>Ce site peut utiliser des cookies pour am\u00e9liorer l&rsquo;exp\u00e9rience utilisateur. Tu peux les accepter ou les refuser lors de ta premi\u00e8re visite via la banni\u00e8re d\u00e9di\u00e9e.<\/p>\t\t\t\t\t\t\t\t<\/div>\n\t\t\t\t<\/div>\n\t\t\t\t\t<\/div>\n\t\t\t\t<\/div>\n\t\t\t\t<\/div>\n\t\t","protected":false},"excerpt":{"rendered":"<p>Mentions l\u00e9gales &lt;p data-start=\u00a0\u00bb218&Prime; data-end=\u00a0\u00bb548&Prime;&gt;&lt;strong data-start=\u00a0\u00bb218&Prime; data-end=\u00a0\u00bb237&Prime;&gt;\u00c9diteur du site&lt;\/strong&gt;&lt;br data-start=\u00a0\u00bb237&Prime; data-end=\u00a0\u00bb240&Prime; \/&gt;Ce site est \u00e9dit\u00e9 par \u00c9l\u00e9onore Langlois, auto-entrepreneuse.&lt;br data-start=\u00a0\u00bb300&Prime; data-end=\u00a0\u00bb303&Prime; \/&gt;Email de contact : &lt;a rel=\u00a0\u00bbnoopener\u00a0\u00bb data-start=\u00a0\u00bb322&Prime; data-end=\u00a0\u00bb397&Prime;&gt;eleonorelanglois.photo@gmail.com&lt;\/a&gt;&lt;br data-start=\u00a0\u00bb397&Prime; data-end=\u00a0\u00bb400&Prime; \/&gt;Site web : &lt;a href=\u00a0\u00bbhttps:\/\/eleonorelanglois.com\/\u00a0\u00bb target=\u00a0\u00bb_new\u00a0\u00bb rel=\u00a0\u00bbnoopener\u00a0\u00bb data-start=\u00a0\u00bb411&Prime; data-end=\u00a0\u00bb473&Prime;&gt;https:\/\/eleonorelanglois.com\/&lt;\/a&gt;&lt;br data-start=\u00a0\u00bb473&Prime; data-end=\u00a0\u00bb476&Prime; \/&gt;Num\u00e9ro SIRET : (\u00e0 compl\u00e9ter)&lt;br data-start=\u00a0\u00bb504&Prime; data-end=\u00a0\u00bb507&Prime; \/&gt;TVA non applicable, article 293 B [&hellip;]<\/p>\n","protected":false},"author":1,"featured_media":0,"parent":0,"menu_order":0,"comment_status":"closed","ping_status":"closed","template":"","meta":{"site-sidebar-layout":"no-sidebar","site-content-layout":"page-builder","ast-site-content-layout":"full-width-container","site-content-style":"unboxed","site-sidebar-style":"unboxed","ast-global-header-display":"","ast-banner-title-visibility":"","ast-main-header-display":"","ast-hfb-above-header-display":"","ast-hfb-below-header-display":"","ast-hfb-mobile-header-display":"","site-post-title":"disabled","ast-breadcrumbs-content":"","ast-featured-img":"disabled","footer-sml-layout":"","ast-disable-related-posts":"","theme-transparent-header-meta":"default","adv-header-id-meta":"","stick-header-meta":"","header-above-stick-meta":"","header-main-stick-meta":"","header-below-stick-meta":"","astra-migrate-meta-layouts":"set","ast-page-background-enabled":"default","ast-page-background-meta":{"desktop":{"background-color":"var(--ast-global-color-4)","background-image":"","background-repeat":"repeat","background-position":"center center","background-size":"auto","background-attachment":"scroll","background-type":"","background-media":"","overlay-type":"","overlay-color":"","overlay-opacity":"","overlay-gradient":""},"tablet":{"background-color":"","background-image":"","background-repeat":"repeat","background-position":"center center","background-size":"auto","background-attachment":"scroll","background-type":"","background-media":"","overlay-type":"","overlay-color":"","overlay-opacity":"","overlay-gradient":""},"mobile":{"background-color":"","background-image":"","background-repeat":"repeat","background-position":"center center","background-size":"auto","background-attachment":"scroll","background-type":"","background-media":"","overlay-type":"","overlay-color":"","overlay-opacity":"","overlay-gradient":""}},"ast-content-background-meta":{"desktop":{"background-color":"var(--ast-global-color-5)","background-image":"","background-repeat":"repeat","background-position":"center center","background-size":"auto","background-attachment":"scroll","background-type":"","background-media":"","overlay-type":"","overlay-color":"","overlay-opacity":"","overlay-gradient":""},"tablet":{"background-color":"var(--ast-global-color-5)","background-image":"","background-repeat":"repeat","background-position":"center center","background-size":"auto","background-attachment":"scroll","background-type":"","background-media":"","overlay-type":"","overlay-color":"","overlay-opacity":"","overlay-gradient":""},"mobile":{"background-color":"var(--ast-global-color-5)","background-image":"","background-repeat":"repeat","background-position":"center center","background-size":"auto","background-attachment":"scroll","background-type":"","background-media":"","overlay-type":"","overlay-color":"","overlay-opacity":"","overlay-gradient":""}},"footnotes":""},"class_list":["post-5856","page","type-page","status-publish","hentry"],"yoast_head":"<!-- This site is optimized with the Yoast SEO plugin v27.5 - https:\/\/yoast.com\/product\/yoast-seo-wordpress\/ -->\n<title>Mentions l\u00e9gales - El\u00e9onore Langlois photographe<\/title>\n<meta name=\"robots\" content=\"index, follow, max-snippet:-1, max-image-preview:large, max-video-preview:-1\" \/>\n<link rel=\"canonical\" href=\"https:\/\/eleonorelanglois.com\/index.php\/elementor-5856\/\" \/>\n<meta property=\"og:locale\" content=\"fr_FR\" \/>\n<meta property=\"og:type\" content=\"article\" \/>\n<meta property=\"og:title\" content=\"Mentions l\u00e9gales - El\u00e9onore Langlois photographe\" \/>\n<meta property=\"og:description\" content=\"Mentions l\u00e9gales &lt;p data-start=&quot;218&quot; data-end=&quot;548&quot;&gt;&lt;strong data-start=&quot;218&quot; data-end=&quot;237&quot;&gt;\u00c9diteur du site&lt;\/strong&gt;&lt;br data-start=&quot;237&quot; data-end=&quot;240&quot; \/&gt;Ce site est \u00e9dit\u00e9 par \u00c9l\u00e9onore Langlois, auto-entrepreneuse.&lt;br data-start=&quot;300&quot; data-end=&quot;303&quot; \/&gt;Email de contact : &lt;a rel=&quot;noopener&quot; data-start=&quot;322&quot; data-end=&quot;397&quot;&gt;eleonorelanglois.photo@gmail.com&lt;\/a&gt;&lt;br data-start=&quot;397&quot; data-end=&quot;400&quot; \/&gt;Site web : &lt;a href=&quot;https:\/\/eleonorelanglois.com\/&quot; target=&quot;_new&quot; rel=&quot;noopener&quot; data-start=&quot;411&quot; data-end=&quot;473&quot;&gt;https:\/\/eleonorelanglois.com\/&lt;\/a&gt;&lt;br data-start=&quot;473&quot; data-end=&quot;476&quot; \/&gt;Num\u00e9ro SIRET : (\u00e0 compl\u00e9ter)&lt;br data-start=&quot;504&quot; data-end=&quot;507&quot; \/&gt;TVA non applicable, article 293 B [&hellip;]\" \/>\n<meta property=\"og:url\" content=\"https:\/\/eleonorelanglois.com\/index.php\/elementor-5856\/\" \/>\n<meta property=\"og:site_name\" content=\"El\u00e9onore Langlois photographe\" \/>\n<meta property=\"article:modified_time\" content=\"2025-04-25T04:46:26+00:00\" \/>\n<meta name=\"twitter:card\" content=\"summary_large_image\" \/>\n<meta name=\"twitter:label1\" content=\"Dur\u00e9e de lecture estim\u00e9e\" \/>\n\t<meta name=\"twitter:data1\" content=\"1 minute\" \/>\n<script type=\"application\/ld+json\" class=\"yoast-schema-graph\">{\"@context\":\"https:\\\/\\\/schema.org\",\"@graph\":[{\"@type\":\"WebPage\",\"@id\":\"https:\\\/\\\/eleonorelanglois.com\\\/index.php\\\/elementor-5856\\\/\",\"url\":\"https:\\\/\\\/eleonorelanglois.com\\\/index.php\\\/elementor-5856\\\/\",\"name\":\"Mentions l\u00e9gales - El\u00e9onore Langlois photographe\",\"isPartOf\":{\"@id\":\"https:\\\/\\\/eleonorelanglois.com\\\/index.php\\\/en\\\/home\\\/#website\"},\"datePublished\":\"2025-04-25T04:30:56+00:00\",\"dateModified\":\"2025-04-25T04:46:26+00:00\",\"breadcrumb\":{\"@id\":\"https:\\\/\\\/eleonorelanglois.com\\\/index.php\\\/elementor-5856\\\/#breadcrumb\"},\"inLanguage\":\"fr-FR\",\"potentialAction\":[{\"@type\":\"ReadAction\",\"target\":[\"https:\\\/\\\/eleonorelanglois.com\\\/index.php\\\/elementor-5856\\\/\"]}]},{\"@type\":\"BreadcrumbList\",\"@id\":\"https:\\\/\\\/eleonorelanglois.com\\\/index.php\\\/elementor-5856\\\/#breadcrumb\",\"itemListElement\":[{\"@type\":\"ListItem\",\"position\":1,\"name\":\"Accueil\",\"item\":\"https:\\\/\\\/eleonorelanglois.com\\\/\"},{\"@type\":\"ListItem\",\"position\":2,\"name\":\"Mentions l\u00e9gales\"}]},{\"@type\":\"WebSite\",\"@id\":\"https:\\\/\\\/eleonorelanglois.com\\\/index.php\\\/en\\\/home\\\/#website\",\"url\":\"https:\\\/\\\/eleonorelanglois.com\\\/index.php\\\/en\\\/home\\\/\",\"name\":\"El\u00e9onore Langlois photographe\",\"description\":\"Photographe Suisse\",\"publisher\":{\"@id\":\"https:\\\/\\\/eleonorelanglois.com\\\/index.php\\\/en\\\/home\\\/#organization\"},\"potentialAction\":[{\"@type\":\"SearchAction\",\"target\":{\"@type\":\"EntryPoint\",\"urlTemplate\":\"https:\\\/\\\/eleonorelanglois.com\\\/index.php\\\/en\\\/home\\\/?s={search_term_string}\"},\"query-input\":{\"@type\":\"PropertyValueSpecification\",\"valueRequired\":true,\"valueName\":\"search_term_string\"}}],\"inLanguage\":\"fr-FR\"},{\"@type\":\"Organization\",\"@id\":\"https:\\\/\\\/eleonorelanglois.com\\\/index.php\\\/en\\\/home\\\/#organization\",\"name\":\"El\u00e9onore Langlois photographe\",\"url\":\"https:\\\/\\\/eleonorelanglois.com\\\/index.php\\\/en\\\/home\\\/\",\"logo\":{\"@type\":\"ImageObject\",\"inLanguage\":\"fr-FR\",\"@id\":\"https:\\\/\\\/eleonorelanglois.com\\\/index.php\\\/en\\\/home\\\/#\\\/schema\\\/logo\\\/image\\\/\",\"url\":\"https:\\\/\\\/eleonorelanglois.com\\\/wp-content\\\/uploads\\\/2025\\\/04\\\/Logo-secondaire-Orange-scaled.png\",\"contentUrl\":\"https:\\\/\\\/eleonorelanglois.com\\\/wp-content\\\/uploads\\\/2025\\\/04\\\/Logo-secondaire-Orange-scaled.png\",\"width\":2560,\"height\":2140,\"caption\":\"El\u00e9onore Langlois photographe\"},\"image\":{\"@id\":\"https:\\\/\\\/eleonorelanglois.com\\\/index.php\\\/en\\\/home\\\/#\\\/schema\\\/logo\\\/image\\\/\"}}]}<\/script>\n<!-- \/ Yoast SEO plugin. -->","yoast_head_json":{"title":"Mentions l\u00e9gales - El\u00e9onore Langlois photographe","robots":{"index":"index","follow":"follow","max-snippet":"max-snippet:-1","max-image-preview":"max-image-preview:large","max-video-preview":"max-video-preview:-1"},"canonical":"https:\/\/eleonorelanglois.com\/index.php\/elementor-5856\/","og_locale":"fr_FR","og_type":"article","og_title":"Mentions l\u00e9gales - El\u00e9onore Langlois photographe","og_description":"Mentions l\u00e9gales &lt;p data-start=\"218\" data-end=\"548\"&gt;&lt;strong data-start=\"218\" data-end=\"237\"&gt;\u00c9diteur du site&lt;\/strong&gt;&lt;br data-start=\"237\" data-end=\"240\" \/&gt;Ce site est \u00e9dit\u00e9 par \u00c9l\u00e9onore Langlois, auto-entrepreneuse.&lt;br data-start=\"300\" data-end=\"303\" \/&gt;Email de contact : &lt;a rel=\"noopener\" data-start=\"322\" data-end=\"397\"&gt;eleonorelanglois.photo@gmail.com&lt;\/a&gt;&lt;br data-start=\"397\" data-end=\"400\" \/&gt;Site web : &lt;a href=\"https:\/\/eleonorelanglois.com\/\" target=\"_new\" rel=\"noopener\" data-start=\"411\" data-end=\"473\"&gt;https:\/\/eleonorelanglois.com\/&lt;\/a&gt;&lt;br data-start=\"473\" data-end=\"476\" \/&gt;Num\u00e9ro SIRET : (\u00e0 compl\u00e9ter)&lt;br data-start=\"504\" data-end=\"507\" \/&gt;TVA non applicable, article 293 B [&hellip;]","og_url":"https:\/\/eleonorelanglois.com\/index.php\/elementor-5856\/","og_site_name":"El\u00e9onore Langlois photographe","article_modified_time":"2025-04-25T04:46:26+00:00","twitter_card":"summary_large_image","twitter_misc":{"Dur\u00e9e de lecture estim\u00e9e":"1 minute"},"schema":{"@context":"https:\/\/schema.org","@graph":[{"@type":"WebPage","@id":"https:\/\/eleonorelanglois.com\/index.php\/elementor-5856\/","url":"https:\/\/eleonorelanglois.com\/index.php\/elementor-5856\/","name":"Mentions l\u00e9gales - El\u00e9onore Langlois photographe","isPartOf":{"@id":"https:\/\/eleonorelanglois.com\/index.php\/en\/home\/#website"},"datePublished":"2025-04-25T04:30:56+00:00","dateModified":"2025-04-25T04:46:26+00:00","breadcrumb":{"@id":"https:\/\/eleonorelanglois.com\/index.php\/elementor-5856\/#breadcrumb"},"inLanguage":"fr-FR","potentialAction":[{"@type":"ReadAction","target":["https:\/\/eleonorelanglois.com\/index.php\/elementor-5856\/"]}]},{"@type":"BreadcrumbList","@id":"https:\/\/eleonorelanglois.com\/index.php\/elementor-5856\/#breadcrumb","itemListElement":[{"@type":"ListItem","position":1,"name":"Accueil","item":"https:\/\/eleonorelanglois.com\/"},{"@type":"ListItem","position":2,"name":"Mentions l\u00e9gales"}]},{"@type":"WebSite","@id":"https:\/\/eleonorelanglois.com\/index.php\/en\/home\/#website","url":"https:\/\/eleonorelanglois.com\/index.php\/en\/home\/","name":"El\u00e9onore Langlois photographe","description":"Photographe Suisse","publisher":{"@id":"https:\/\/eleonorelanglois.com\/index.php\/en\/home\/#organization"},"potentialAction":[{"@type":"SearchAction","target":{"@type":"EntryPoint","urlTemplate":"https:\/\/eleonorelanglois.com\/index.php\/en\/home\/?s={search_term_string}"},"query-input":{"@type":"PropertyValueSpecification","valueRequired":true,"valueName":"search_term_string"}}],"inLanguage":"fr-FR"},{"@type":"Organization","@id":"https:\/\/eleonorelanglois.com\/index.php\/en\/home\/#organization","name":"El\u00e9onore Langlois photographe","url":"https:\/\/eleonorelanglois.com\/index.php\/en\/home\/","logo":{"@type":"ImageObject","inLanguage":"fr-FR","@id":"https:\/\/eleonorelanglois.com\/index.php\/en\/home\/#\/schema\/logo\/image\/","url":"https:\/\/eleonorelanglois.com\/wp-content\/uploads\/2025\/04\/Logo-secondaire-Orange-scaled.png","contentUrl":"https:\/\/eleonorelanglois.com\/wp-content\/uploads\/2025\/04\/Logo-secondaire-Orange-scaled.png","width":2560,"height":2140,"caption":"El\u00e9onore Langlois photographe"},"image":{"@id":"https:\/\/eleonorelanglois.com\/index.php\/en\/home\/#\/schema\/logo\/image\/"}}]}},"jetpack_sharing_enabled":true,"_links":{"self":[{"href":"https:\/\/eleonorelanglois.com\/index.php\/wp-json\/wp\/v2\/pages\/5856","targetHints":{"allow":["GET"]}}],"collection":[{"href":"https:\/\/eleonorelanglois.com\/index.php\/wp-json\/wp\/v2\/pages"}],"about":[{"href":"https:\/\/eleonorelanglois.com\/index.php\/wp-json\/wp\/v2\/types\/page"}],"author":[{"embeddable":true,"href":"https:\/\/eleonorelanglois.com\/index.php\/wp-json\/wp\/v2\/users\/1"}],"replies":[{"embeddable":true,"href":"https:\/\/eleonorelanglois.com\/index.php\/wp-json\/wp\/v2\/comments?post=5856"}],"version-history":[{"count":0,"href":"https:\/\/eleonorelanglois.com\/index.php\/wp-json\/wp\/v2\/pages\/5856\/revisions"}],"wp:attachment":[{"href":"https:\/\/eleonorelanglois.com\/index.php\/wp-json\/wp\/v2\/media?parent=5856"}],"curies":[{"name":"wp","href":"https:\/\/api.w.org\/{rel}","templated":true}]}}