{"id":2734,"date":"2024-04-11T23:43:03","date_gmt":"2024-04-11T21:43:03","guid":{"rendered":"http:\/\/eleonorelanglois.com\/?post_type=product&#038;p=2734"},"modified":"2024-04-14T22:01:30","modified_gmt":"2024-04-14T20:01:30","slug":"bauby-socks","status":"publish","type":"product","link":"https:\/\/eleonorelanglois.com\/index.php\/produit\/bauby-socks\/","title":{"rendered":"Bauby socks"},"content":{"rendered":"<ul>\n<li>Design unique et color\u00e9, \u00e0 l&rsquo;image de Bauby<\/li>\n<li>Fabriqu\u00e9es en Europe<\/li>\n<li>80% cotton, 17% Polyamide, 3% Elastane<\/li>\n<\/ul>\n<p>Conseils entretien : lavage \u00e0 la main<\/p>\n","protected":false},"excerpt":{"rendered":"<p>Design unique et color\u00e9, \u00e0 l&rsquo;image de Bauby Fabriqu\u00e9es en Europe 80% cotton, 17% Polyamide, 3% Elastane Conseils entretien : lavage \u00e0 la main<\/p>\n","protected":false},"featured_media":2813,"comment_status":"open","ping_status":"closed","template":"","meta":{"site-sidebar-layout":"default","site-content-layout":"default","ast-site-content-layout":"default","site-content-style":"default","site-sidebar-style":"default","ast-global-header-display":"","ast-banner-title-visibility":"","ast-main-header-display":"","ast-hfb-above-header-display":"","ast-hfb-below-header-display":"","ast-hfb-mobile-header-display":"","site-post-title":"","ast-breadcrumbs-content":"","ast-featured-img":"","footer-sml-layout":"","ast-disable-related-posts":"","theme-transparent-header-meta":"default","adv-header-id-meta":"","stick-header-meta":"","header-above-stick-meta":"","header-main-stick-meta":"","header-below-stick-meta":"","astra-migrate-meta-layouts":"set","ast-page-background-enabled":"default","ast-page-background-meta":{"desktop":{"background-color":"var(--ast-global-color-4)","background-image":"","background-repeat":"repeat","background-position":"center center","background-size":"auto","background-attachment":"scroll","background-type":"","background-media":"","overlay-type":"","overlay-color":"","overlay-opacity":"","overlay-gradient":""},"tablet":{"background-color":"","background-image":"","background-repeat":"repeat","background-position":"center center","background-size":"auto","background-attachment":"scroll","background-type":"","background-media":"","overlay-type":"","overlay-color":"","overlay-opacity":"","overlay-gradient":""},"mobile":{"background-color":"","background-image":"","background-repeat":"repeat","background-position":"center center","background-size":"auto","background-attachment":"scroll","background-type":"","background-media":"","overlay-type":"","overlay-color":"","overlay-opacity":"","overlay-gradient":""}},"ast-content-background-meta":{"desktop":{"background-color":"var(--ast-global-color-5)","background-image":"","background-repeat":"repeat","background-position":"center center","background-size":"auto","background-attachment":"scroll","background-type":"","background-media":"","overlay-type":"","overlay-color":"","overlay-opacity":"","overlay-gradient":""},"tablet":{"background-color":"var(--ast-global-color-5)","background-image":"","background-repeat":"repeat","background-position":"center center","background-size":"auto","background-attachment":"scroll","background-type":"","background-media":"","overlay-type":"","overlay-color":"","overlay-opacity":"","overlay-gradient":""},"mobile":{"background-color":"var(--ast-global-color-5)","background-image":"","background-repeat":"repeat","background-position":"center center","background-size":"auto","background-attachment":"scroll","background-type":"","background-media":"","overlay-type":"","overlay-color":"","overlay-opacity":"","overlay-gradient":""}},"jetpack_publicize_message":"","jetpack_publicize_feature_enabled":true,"jetpack_social_post_already_shared":true,"jetpack_social_options":{"image_generator_settings":{"template":"highway","default_image_id":0,"font":"","enabled":false},"version":2}},"product_brand":[],"product_cat":[68],"product_tag":[],"class_list":{"0":"post-2734","1":"product","2":"type-product","3":"status-publish","4":"has-post-thumbnail","6":"product_cat-eclosion-accessoires","7":"product_shipping_class-colis-enveloppe","8":"desktop-align-left","9":"tablet-align-left","10":"mobile-align-left","12":"first","13":"instock","14":"purchasable","15":"product-type-variable"},"yoast_head":"<!-- This site is optimized with the Yoast SEO plugin v27.4 - https:\/\/yoast.com\/product\/yoast-seo-wordpress\/ -->\n<title>Bauby socks - El\u00e9onore Langlois photographe<\/title>\n<meta name=\"description\" content=\"La chausette au design iconique de Bauby\" \/>\n<meta name=\"robots\" content=\"index, follow, max-snippet:-1, max-image-preview:large, max-video-preview:-1\" \/>\n<link rel=\"canonical\" href=\"https:\/\/eleonorelanglois.com\/index.php\/produit\/bauby-socks\/\" \/>\n<meta property=\"og:locale\" content=\"fr_FR\" \/>\n<meta property=\"og:type\" content=\"article\" \/>\n<meta property=\"og:title\" content=\"Bauby socks - El\u00e9onore Langlois photographe\" \/>\n<meta property=\"og:description\" content=\"La chausette au design iconique de Bauby\" \/>\n<meta property=\"og:url\" content=\"https:\/\/eleonorelanglois.com\/index.php\/produit\/bauby-socks\/\" \/>\n<meta property=\"og:site_name\" content=\"El\u00e9onore Langlois photographe\" \/>\n<meta property=\"article:modified_time\" content=\"2024-04-14T20:01:30+00:00\" \/>\n<meta property=\"og:image\" content=\"https:\/\/eleonorelanglois.com\/wp-content\/uploads\/2024\/04\/Eleonorelanglois-bauby-3-Export-web-2.jpg\" \/>\n\t<meta property=\"og:image:width\" content=\"667\" \/>\n\t<meta property=\"og:image:height\" content=\"1000\" \/>\n\t<meta property=\"og:image:type\" content=\"image\/jpeg\" \/>\n<meta name=\"twitter:card\" content=\"summary_large_image\" \/>\n<meta name=\"twitter:label1\" content=\"Dur\u00e9e de lecture estim\u00e9e\" \/>\n\t<meta name=\"twitter:data1\" content=\"1 minute\" \/>\n<script type=\"application\/ld+json\" class=\"yoast-schema-graph\">{\"@context\":\"https:\\\/\\\/schema.org\",\"@graph\":[{\"@type\":\"WebPage\",\"@id\":\"https:\\\/\\\/eleonorelanglois.com\\\/index.php\\\/produit\\\/bauby-socks\\\/\",\"url\":\"https:\\\/\\\/eleonorelanglois.com\\\/index.php\\\/produit\\\/bauby-socks\\\/\",\"name\":\"Bauby socks - El\u00e9onore Langlois photographe\",\"isPartOf\":{\"@id\":\"https:\\\/\\\/eleonorelanglois.com\\\/index.php\\\/en\\\/home\\\/#website\"},\"primaryImageOfPage\":{\"@id\":\"https:\\\/\\\/eleonorelanglois.com\\\/index.php\\\/produit\\\/bauby-socks\\\/#primaryimage\"},\"image\":{\"@id\":\"https:\\\/\\\/eleonorelanglois.com\\\/index.php\\\/produit\\\/bauby-socks\\\/#primaryimage\"},\"thumbnailUrl\":\"https:\\\/\\\/eleonorelanglois.com\\\/wp-content\\\/uploads\\\/2024\\\/04\\\/Eleonorelanglois-bauby-3-Export-web-2.jpg\",\"datePublished\":\"2024-04-11T21:43:03+00:00\",\"dateModified\":\"2024-04-14T20:01:30+00:00\",\"description\":\"La chausette au design iconique de Bauby\",\"breadcrumb\":{\"@id\":\"https:\\\/\\\/eleonorelanglois.com\\\/index.php\\\/produit\\\/bauby-socks\\\/#breadcrumb\"},\"inLanguage\":\"fr-FR\",\"potentialAction\":[{\"@type\":\"ReadAction\",\"target\":[\"https:\\\/\\\/eleonorelanglois.com\\\/index.php\\\/produit\\\/bauby-socks\\\/\"]}]},{\"@type\":\"ImageObject\",\"inLanguage\":\"fr-FR\",\"@id\":\"https:\\\/\\\/eleonorelanglois.com\\\/index.php\\\/produit\\\/bauby-socks\\\/#primaryimage\",\"url\":\"https:\\\/\\\/eleonorelanglois.com\\\/wp-content\\\/uploads\\\/2024\\\/04\\\/Eleonorelanglois-bauby-3-Export-web-2.jpg\",\"contentUrl\":\"https:\\\/\\\/eleonorelanglois.com\\\/wp-content\\\/uploads\\\/2024\\\/04\\\/Eleonorelanglois-bauby-3-Export-web-2.jpg\",\"width\":667,\"height\":1000},{\"@type\":\"BreadcrumbList\",\"@id\":\"https:\\\/\\\/eleonorelanglois.com\\\/index.php\\\/produit\\\/bauby-socks\\\/#breadcrumb\",\"itemListElement\":[{\"@type\":\"ListItem\",\"position\":1,\"name\":\"Accueil\",\"item\":\"https:\\\/\\\/eleonorelanglois.com\\\/\"},{\"@type\":\"ListItem\",\"position\":2,\"name\":\"Boutique &#8211; Bauby\",\"item\":\"https:\\\/\\\/eleonorelanglois.com\\\/index.php\\\/boutique\\\/\"},{\"@type\":\"ListItem\",\"position\":3,\"name\":\"Bauby socks\"}]},{\"@type\":\"WebSite\",\"@id\":\"https:\\\/\\\/eleonorelanglois.com\\\/index.php\\\/en\\\/home\\\/#website\",\"url\":\"https:\\\/\\\/eleonorelanglois.com\\\/index.php\\\/en\\\/home\\\/\",\"name\":\"El\u00e9onore Langlois photographe\",\"description\":\"Photographe Suisse\",\"publisher\":{\"@id\":\"https:\\\/\\\/eleonorelanglois.com\\\/index.php\\\/en\\\/home\\\/#organization\"},\"potentialAction\":[{\"@type\":\"SearchAction\",\"target\":{\"@type\":\"EntryPoint\",\"urlTemplate\":\"https:\\\/\\\/eleonorelanglois.com\\\/index.php\\\/en\\\/home\\\/?s={search_term_string}\"},\"query-input\":{\"@type\":\"PropertyValueSpecification\",\"valueRequired\":true,\"valueName\":\"search_term_string\"}}],\"inLanguage\":\"fr-FR\"},{\"@type\":\"Organization\",\"@id\":\"https:\\\/\\\/eleonorelanglois.com\\\/index.php\\\/en\\\/home\\\/#organization\",\"name\":\"El\u00e9onore Langlois photographe\",\"url\":\"https:\\\/\\\/eleonorelanglois.com\\\/index.php\\\/en\\\/home\\\/\",\"logo\":{\"@type\":\"ImageObject\",\"inLanguage\":\"fr-FR\",\"@id\":\"https:\\\/\\\/eleonorelanglois.com\\\/index.php\\\/en\\\/home\\\/#\\\/schema\\\/logo\\\/image\\\/\",\"url\":\"https:\\\/\\\/eleonorelanglois.com\\\/wp-content\\\/uploads\\\/2025\\\/04\\\/Logo-secondaire-Orange-scaled.png\",\"contentUrl\":\"https:\\\/\\\/eleonorelanglois.com\\\/wp-content\\\/uploads\\\/2025\\\/04\\\/Logo-secondaire-Orange-scaled.png\",\"width\":2560,\"height\":2140,\"caption\":\"El\u00e9onore Langlois photographe\"},\"image\":{\"@id\":\"https:\\\/\\\/eleonorelanglois.com\\\/index.php\\\/en\\\/home\\\/#\\\/schema\\\/logo\\\/image\\\/\"}}]}<\/script>\n<!-- \/ Yoast SEO plugin. -->","yoast_head_json":{"title":"Bauby socks - El\u00e9onore Langlois photographe","description":"La chausette au design iconique de Bauby","robots":{"index":"index","follow":"follow","max-snippet":"max-snippet:-1","max-image-preview":"max-image-preview:large","max-video-preview":"max-video-preview:-1"},"canonical":"https:\/\/eleonorelanglois.com\/index.php\/produit\/bauby-socks\/","og_locale":"fr_FR","og_type":"article","og_title":"Bauby socks - El\u00e9onore Langlois photographe","og_description":"La chausette au design iconique de Bauby","og_url":"https:\/\/eleonorelanglois.com\/index.php\/produit\/bauby-socks\/","og_site_name":"El\u00e9onore Langlois photographe","article_modified_time":"2024-04-14T20:01:30+00:00","og_image":[{"width":667,"height":1000,"url":"https:\/\/eleonorelanglois.com\/wp-content\/uploads\/2024\/04\/Eleonorelanglois-bauby-3-Export-web-2.jpg","type":"image\/jpeg"}],"twitter_card":"summary_large_image","twitter_misc":{"Dur\u00e9e de lecture estim\u00e9e":"1 minute"},"schema":{"@context":"https:\/\/schema.org","@graph":[{"@type":"WebPage","@id":"https:\/\/eleonorelanglois.com\/index.php\/produit\/bauby-socks\/","url":"https:\/\/eleonorelanglois.com\/index.php\/produit\/bauby-socks\/","name":"Bauby socks - El\u00e9onore Langlois photographe","isPartOf":{"@id":"https:\/\/eleonorelanglois.com\/index.php\/en\/home\/#website"},"primaryImageOfPage":{"@id":"https:\/\/eleonorelanglois.com\/index.php\/produit\/bauby-socks\/#primaryimage"},"image":{"@id":"https:\/\/eleonorelanglois.com\/index.php\/produit\/bauby-socks\/#primaryimage"},"thumbnailUrl":"https:\/\/eleonorelanglois.com\/wp-content\/uploads\/2024\/04\/Eleonorelanglois-bauby-3-Export-web-2.jpg","datePublished":"2024-04-11T21:43:03+00:00","dateModified":"2024-04-14T20:01:30+00:00","description":"La chausette au design iconique de Bauby","breadcrumb":{"@id":"https:\/\/eleonorelanglois.com\/index.php\/produit\/bauby-socks\/#breadcrumb"},"inLanguage":"fr-FR","potentialAction":[{"@type":"ReadAction","target":["https:\/\/eleonorelanglois.com\/index.php\/produit\/bauby-socks\/"]}]},{"@type":"ImageObject","inLanguage":"fr-FR","@id":"https:\/\/eleonorelanglois.com\/index.php\/produit\/bauby-socks\/#primaryimage","url":"https:\/\/eleonorelanglois.com\/wp-content\/uploads\/2024\/04\/Eleonorelanglois-bauby-3-Export-web-2.jpg","contentUrl":"https:\/\/eleonorelanglois.com\/wp-content\/uploads\/2024\/04\/Eleonorelanglois-bauby-3-Export-web-2.jpg","width":667,"height":1000},{"@type":"BreadcrumbList","@id":"https:\/\/eleonorelanglois.com\/index.php\/produit\/bauby-socks\/#breadcrumb","itemListElement":[{"@type":"ListItem","position":1,"name":"Accueil","item":"https:\/\/eleonorelanglois.com\/"},{"@type":"ListItem","position":2,"name":"Boutique &#8211; Bauby","item":"https:\/\/eleonorelanglois.com\/index.php\/boutique\/"},{"@type":"ListItem","position":3,"name":"Bauby socks"}]},{"@type":"WebSite","@id":"https:\/\/eleonorelanglois.com\/index.php\/en\/home\/#website","url":"https:\/\/eleonorelanglois.com\/index.php\/en\/home\/","name":"El\u00e9onore Langlois photographe","description":"Photographe Suisse","publisher":{"@id":"https:\/\/eleonorelanglois.com\/index.php\/en\/home\/#organization"},"potentialAction":[{"@type":"SearchAction","target":{"@type":"EntryPoint","urlTemplate":"https:\/\/eleonorelanglois.com\/index.php\/en\/home\/?s={search_term_string}"},"query-input":{"@type":"PropertyValueSpecification","valueRequired":true,"valueName":"search_term_string"}}],"inLanguage":"fr-FR"},{"@type":"Organization","@id":"https:\/\/eleonorelanglois.com\/index.php\/en\/home\/#organization","name":"El\u00e9onore Langlois photographe","url":"https:\/\/eleonorelanglois.com\/index.php\/en\/home\/","logo":{"@type":"ImageObject","inLanguage":"fr-FR","@id":"https:\/\/eleonorelanglois.com\/index.php\/en\/home\/#\/schema\/logo\/image\/","url":"https:\/\/eleonorelanglois.com\/wp-content\/uploads\/2025\/04\/Logo-secondaire-Orange-scaled.png","contentUrl":"https:\/\/eleonorelanglois.com\/wp-content\/uploads\/2025\/04\/Logo-secondaire-Orange-scaled.png","width":2560,"height":2140,"caption":"El\u00e9onore Langlois photographe"},"image":{"@id":"https:\/\/eleonorelanglois.com\/index.php\/en\/home\/#\/schema\/logo\/image\/"}}]}},"jetpack_publicize_connections":[],"jetpack_sharing_enabled":true,"_links":{"self":[{"href":"https:\/\/eleonorelanglois.com\/index.php\/wp-json\/wp\/v2\/product\/2734","targetHints":{"allow":["GET"]}}],"collection":[{"href":"https:\/\/eleonorelanglois.com\/index.php\/wp-json\/wp\/v2\/product"}],"about":[{"href":"https:\/\/eleonorelanglois.com\/index.php\/wp-json\/wp\/v2\/types\/product"}],"replies":[{"embeddable":true,"href":"https:\/\/eleonorelanglois.com\/index.php\/wp-json\/wp\/v2\/comments?post=2734"}],"wp:featuredmedia":[{"embeddable":true,"href":"https:\/\/eleonorelanglois.com\/index.php\/wp-json\/wp\/v2\/media\/2813"}],"wp:attachment":[{"href":"https:\/\/eleonorelanglois.com\/index.php\/wp-json\/wp\/v2\/media?parent=2734"}],"wp:term":[{"taxonomy":"product_brand","embeddable":true,"href":"https:\/\/eleonorelanglois.com\/index.php\/wp-json\/wp\/v2\/product_brand?post=2734"},{"taxonomy":"product_cat","embeddable":true,"href":"https:\/\/eleonorelanglois.com\/index.php\/wp-json\/wp\/v2\/product_cat?post=2734"},{"taxonomy":"product_tag","embeddable":true,"href":"https:\/\/eleonorelanglois.com\/index.php\/wp-json\/wp\/v2\/product_tag?post=2734"}],"curies":[{"name":"wp","href":"https:\/\/api.w.org\/{rel}","templated":true}]}}